{"id":158,"date":"2012-03-09T18:01:06","date_gmt":"2012-03-09T17:01:06","guid":{"rendered":"http:\/\/www.tian-xia.de\/?page_id=158"},"modified":"2012-03-09T18:03:16","modified_gmt":"2012-03-09T17:03:16","slug":"willkommen-zu-meinem-blog","status":"publish","type":"page","link":"http:\/\/www.tian-xia.de\/?page_id=158","title":{"rendered":"Willkommen zu meinem Blog!"},"content":{"rendered":"<p>Als Autor von Sachb\u00fcchern (speziell Jugendsachb\u00fcchern, unter anderem in der WAS-IST-WAS-Reihe des Tessloff-Verlags) sowie diverser Experimentierk\u00e4sten des Kosmos-Verlags sto\u00dfe ich beim Lesen und beim Experimentieren immer wieder auf interessante Tatsachen und Dinge, die ich mit anderen teilen m\u00f6chte, meist auch angereichert mit eigenen \u00dcberlegungen. Weil meine Interessen und Arbeitsgebiete ein weites Feld umfassen, unter anderem die gesamten Naturwissenschaften, Technik, Architektur und vieles andere, stammen diese Meldungen eben auch aus sehr unterschiedlichen Wissensbereichen. Aber vielleicht macht gerade diese Vielfalt es reizvoll, sie zu lesen.<\/p>\n<p>Also: Viel Spa\u00df dabei! Und nutzen Sie, liebe Leserinnen und Leser, auch die Kommentarfunktion.<\/p>\n<p>&nbsp;<\/p>\n","protected":false},"excerpt":{"rendered":"<p>Als Autor von Sachb\u00fcchern (speziell Jugendsachb\u00fcchern, unter anderem in der WAS-IST-WAS-Reihe des Tessloff-Verlags) sowie diverser Experimentierk\u00e4sten des Kosmos-Verlags sto\u00dfe ich beim Lesen und beim Experimentieren immer wieder auf interessante Tatsachen und Dinge, die ich mit anderen teilen m\u00f6chte, meist auch &hellip; <a href=\"http:\/\/www.tian-xia.de\/?page_id=158\">Weiterlesen <span class=\"meta-nav\">&rarr;<\/span><\/a><\/p>\n","protected":false},"author":1,"featured_media":0,"parent":0,"menu_order":1,"comment_status":"open","ping_status":"open","template":"","meta":[],"_links":{"self":[{"href":"http:\/\/www.tian-xia.de\/index.php?rest_route=\/wp\/v2\/pages\/158"}],"collection":[{"href":"http:\/\/www.tian-xia.de\/index.php?rest_route=\/wp\/v2\/pages"}],"about":[{"href":"http:\/\/www.tian-xia.de\/index.php?rest_route=\/wp\/v2\/types\/page"}],"author":[{"embeddable":true,"href":"http:\/\/www.tian-xia.de\/index.php?rest_route=\/wp\/v2\/users\/1"}],"replies":[{"embeddable":true,"href":"http:\/\/www.tian-xia.de\/index.php?rest_route=%2Fwp%2Fv2%2Fcomments&post=158"}],"version-history":[{"count":2,"href":"http:\/\/www.tian-xia.de\/index.php?rest_route=\/wp\/v2\/pages\/158\/revisions"}],"predecessor-version":[{"id":161,"href":"http:\/\/www.tian-xia.de\/index.php?rest_route=\/wp\/v2\/pages\/158\/revisions\/161"}],"wp:attachment":[{"href":"http:\/\/www.tian-xia.de\/index.php?rest_route=%2Fwp%2Fv2%2Fmedia&parent=158"}],"curies":[{"name":"wp","href":"https:\/\/api.w.org\/{rel}","templated":true}]}}