{"id":18,"date":"2012-02-15T12:37:04","date_gmt":"2012-02-15T11:37:04","guid":{"rendered":"http:\/\/www.tian-xia.de\/?page_id=18"},"modified":"2012-03-03T19:21:48","modified_gmt":"2012-03-03T18:21:48","slug":"liste-meiner-bucher-auswahl","status":"publish","type":"page","link":"http:\/\/www.tian-xia.de\/?page_id=18","title":{"rendered":"Liste meiner B\u00fccher und K\u00e4sten (Auswahl)"},"content":{"rendered":"<p><strong>B\u00fccher:<\/strong><\/p>\n<p>Unsere Erde (Tessloff)<\/p>\n<p>Chemie (Tessloff)<\/p>\n<p>Entdecker (Tessloff)<\/p>\n<p>Das Mikroskop (Tessloff)<\/p>\n<p>Br\u00fccken und Tunnel (Tessloff)<\/p>\n<p>T\u00fcrme (Tessloff)<\/p>\n<p>Vulkane (Tessloff)<\/p>\n<p>Elektrizit\u00e4t (Tessloff)<\/p>\n<p>Elektronik (Tessloff)<\/p>\n<p>Architektur (Tessloff)<\/p>\n<p>Akustik (Tessloff)<\/p>\n<p>Bergbau (Tessloff)<\/p>\n<p>Tessloffs Erstes Experimentierbuch<\/p>\n<p>Gekl\u00e4rte und ungekl\u00e4rte Ph\u00e4nomene (Tessloff)<\/p>\n<p>Wale und Delfine (Tessloff, mit Petra Deimer)<\/p>\n<p>Katzen (Tessloff)<\/p>\n<p>Kriminalistik (Tessloff)<\/p>\n<p>Computerlexikon (Tessloff)<\/p>\n<p>Computer und Roboter (Tessloff)<\/p>\n<p>Willkommen auf dem Bauernhof (Rheinischer Landwirtschaftsverlag)<\/p>\n<p>Der Urmensch (Tessloff)<\/p>\n<p>Demokratie (Tessloff)<\/p>\n<p>Das neue Experimentier-Buch (Tessloff)<\/p>\n<p>Wasser, Wind und Wolkenbruch (Tessloff)<\/p>\n<p>Spa\u00df mit Tips und Tricks (Tessloff)<\/p>\n<p>Wissenschaft und Technik 2000 (Tessloff)<\/p>\n<p>K\u00e4fer (Rowohlt)<\/p>\n<p>Mein Baum (Rowohlt)<\/p>\n<p>Nordische Impressionen (Tecklenborg)<\/p>\n<p>Deutsche Nobelpreistr\u00e4ger (Inter Nationes)<\/p>\n<p>Serie Antwortb\u00fccher: Wissenschaft im Alltag, Natur und Tiere, Erde und Weltall, Unser K\u00f6rper, Technik, Geschichte (Tessloff)<\/p>\n<p>Was-ist-was Europa (Tessloff, Mitautor)<\/p>\n<p>K\u00fcssen m\u00fcssen wir noch lernen und Hummer haben blaues Blut (S. Hirzel)<\/p>\n<p>120 popul\u00e4re Irrt\u00fcmer \u00fcber Sonne, Mond und Sternen (Kosmos)<\/p>\n<p>Astronomie \u2013 ganz einfach (Kosmos)<\/p>\n<p>Leuchtt\u00fcrme (Tessloff-Wissenschatz)<\/p>\n<p>Autos (Tessloff-Wissenschatz)<\/p>\n<p>Dinosaurier (Tessloff-Wissenschatz)<\/p>\n<p>Vulkane (Tessloff-Wissenschatz)<\/p>\n<p>Unsere Erde (Tessloff-Wissenschatz)<\/p>\n<p>Wetterfrosch und Wolkenschloss \u2013 Mit Kindern Wetter verstehen und Klima sch\u00fctzen (Hirzel)<\/p>\n<p>Mikroskopieren. Entdecken &#8211; Staunen &#8211; Wissen (kosmos)<\/p>\n<p><strong>Experimentierk\u00e4sten (Auswahl)<\/strong><\/p>\n<p>Naturspa\u00df Teich<\/p>\n<p>Naturspa\u00df Garten<\/p>\n<p>Naturspa\u00df Krabbeltiere<\/p>\n<p>Naturspa\u00df Strand<\/p>\n<p>Solarspace<\/p>\n<p>Vulkane &amp; Erdbeben<\/p>\n<p>Dinosaurier &amp; Fossilien<\/p>\n<p>Indianer<\/p>\n<p>Ritter &amp; Burgen<\/p>\n<p>Chemielabor K\u00fcche<\/p>\n<p>Kristalle z\u00fcchten<\/p>\n<p>Kristalle z\u00fcchten neu<\/p>\n<p>Kristallwunder<\/p>\n<p>Triops<\/p>\n<p>Triops City<\/p>\n<p>Hokus pokus<\/p>\n<p>Magischer Garten<\/p>\n<p>Geolino Experimentierlabor<\/p>\n<p>Geolino Meilensteine<\/p>\n<p>Geolino Mikroskopierset<\/p>\n<p>Kika Gruselskelett<\/p>\n<p>Xplorer Kristallschmuck<\/p>\n<p>Xplorer Monsterstimme<\/p>\n<p>Xplorer U-Boot<\/p>\n<p>Xplorer Alarmanlage<\/p>\n<p>Xplorer Rakete<\/p>\n<p>Xplorer Handyradio<\/p>\n<p>Xplorer Metalldetektor<\/p>\n<p>Xplorer Wunderwald<\/p>\n<p>Xplorer Colaclock<\/p>\n<p>Xplorer L\u00fcgendetektor<\/p>\n<p>xplorer Krabbeldetektiv<\/p>\n<p>xplorer Bewegungsmelder<\/p>\n<p>Eismaschine Coole Beere<\/p>\n<p>Mitbringexperimente Urzeitkrebse<\/p>\n<p>Dinosaurierskelett Brachiosaurus<\/p>\n<p>Dinosaurierskelett Tyrannosaurus rex<\/p>\n<p>Dinosaurierskelett Stegosaurus<\/p>\n<p>Dinosaurierskelett Triceratops<\/p>\n<p>Dinosaurierskelett Mammut<\/p>\n<p>Dinosaurierskelett S\u00e4belzahntiger<\/p>\n<p>Dinosaurierskelett Fischsaurier<\/p>\n<p>Dinosaurierskelett Pterosaurier<\/p>\n<p>Urzeitskelett Arch\u00e4opteryx<\/p>\n<p>Abenteuer Tyrannosaurus rex<\/p>\n<p>Urzeitexpedition Brachiosaurus<\/p>\n<p>Urzeitexpedition Tyrannosaurus rex<\/p>\n<p>Urzeitexpedition Stegosaurus<\/p>\n<p>Urzeitexpedition Triceratops<\/p>\n<p>Urzeitexpedition Mammut<\/p>\n<p>Urzeitexpedition S\u00e4belzahntiger<\/p>\n<p>Urzeitexpedition Ichthyosaurus<\/p>\n<p>Urzeitexpedition Pterosaurus<\/p>\n<p>Urzeitexpedition Arch\u00e4opteryx<\/p>\n<p>Kristall-Zucht<\/p>\n<p>Magnetzauber<\/p>\n<p>Willi wills wissen Hausbau<\/p>\n<p>Willi wills wissen Fliegen<\/p>\n<p>Tessloff Raumfahrt<\/p>\n<p>Tessloff Das alte Rom<\/p>\n<p>Meisterdetektiv<\/p>\n<p>Dinos nachtleuchtend Tyrannosaurus\/Brachiosaurus<\/p>\n<p>Dinos nachtleuchtend Stegosaurus\/Triceratops<\/p>\n<p>Triceratops gro\u00df<\/p>\n<p>Dino-Ei<\/p>\n<p>Der kleine Medicus<\/p>\n<p>Forscherlabor Kristalle z\u00fcchten<\/p>\n<p>Kosmolino Alltagsdetektiv<\/p>\n<p>Detektivset Tatort<\/p>\n<p>Detektivset Fingerabdr\u00fccke<\/p>\n<p>Detektivset Geheimcode<\/p>\n<p>Detektivset Geheimschrift<\/p>\n<p>Detektivset Geheimstift<\/p>\n<p>Detektivset H\u00f6rspion<\/p>\n<p>Detektivset Infrarotfalle<\/p>\n<p>Detektivset Metallsensor<\/p>\n<p>Detektivset Alarmanlage<\/p>\n<p>Detektivset Richtmikrofon<\/p>\n<p>Solarmodelle 8<\/p>\n<p>Einfach Spitze: Katapult<\/p>\n<p>Einfach Spitze: Gyro-Kreisel<\/p>\n<p>Einfach Spitze: Fingertricks<\/p>\n<p>Einfach Spitze: Verflixte Magnete<\/p>\n<p>Globus<\/p>\n<p>Mineralien<\/p>\n<p>Rettet die Erde<\/p>\n<p>Willi wills wissen Vulkane<\/p>\n<p>Willi wills wissen Goldwaschen<\/p>\n<p>Bring mich mit Chemie (Analyse)<\/p>\n<p>Bring mich mit Physik (Airbag)<\/p>\n<p>Bring mich mit Natur (Bionik)<\/p>\n<p>Einfach Spitze Geheimtruhe<\/p>\n<p>Einfach Spitze Kabataucher<\/p>\n<p>Einfach Spitze Diamanten Dig-it<\/p>\n<p>Einfach Spitze Erschreck-Set<\/p>\n<p>Detektiv: Spezialwerkzeug<\/p>\n<p>Detektiv: Spurensuche<\/p>\n<p>Detektiv: Shredder<\/p>\n<p>Easy Energy<\/p>\n<p>Electronic start<\/p>\n<p>Elektro&amp;Co.<\/p>\n<p>Die drei ??? &#8211; Das gro\u00dfe Detektivlabor<\/p>\n<p>Geolino Power-House<\/p>\n<p>Zauberkristall<\/p>\n<p>Geolino Magnete<\/p>\n<p>Geolino Elektromotor<\/p>\n<p>Geolino Vulkane<\/p>\n<p>&nbsp;<\/p>\n","protected":false},"excerpt":{"rendered":"<p>B\u00fccher: Unsere Erde (Tessloff) Chemie (Tessloff) Entdecker (Tessloff) Das Mikroskop (Tessloff) Br\u00fccken und Tunnel (Tessloff) T\u00fcrme (Tessloff) Vulkane (Tessloff) Elektrizit\u00e4t (Tessloff) Elektronik (Tessloff) Architektur (Tessloff) Akustik (Tessloff) Bergbau (Tessloff) Tessloffs Erstes Experimentierbuch Gekl\u00e4rte und ungekl\u00e4rte Ph\u00e4nomene (Tessloff) Wale und Delfine &hellip; <a href=\"http:\/\/www.tian-xia.de\/?page_id=18\">Weiterlesen <span class=\"meta-nav\">&rarr;<\/span><\/a><\/p>\n","protected":false},"author":1,"featured_media":0,"parent":2,"menu_order":0,"comment_status":"closed","ping_status":"closed","template":"","meta":[],"_links":{"self":[{"href":"http:\/\/www.tian-xia.de\/index.php?rest_route=\/wp\/v2\/pages\/18"}],"collection":[{"href":"http:\/\/www.tian-xia.de\/index.php?rest_route=\/wp\/v2\/pages"}],"about":[{"href":"http:\/\/www.tian-xia.de\/index.php?rest_route=\/wp\/v2\/types\/page"}],"author":[{"embeddable":true,"href":"http:\/\/www.tian-xia.de\/index.php?rest_route=\/wp\/v2\/users\/1"}],"replies":[{"embeddable":true,"href":"http:\/\/www.tian-xia.de\/index.php?rest_route=%2Fwp%2Fv2%2Fcomments&post=18"}],"version-history":[{"count":4,"href":"http:\/\/www.tian-xia.de\/index.php?rest_route=\/wp\/v2\/pages\/18\/revisions"}],"predecessor-version":[{"id":20,"href":"http:\/\/www.tian-xia.de\/index.php?rest_route=\/wp\/v2\/pages\/18\/revisions\/20"}],"up":[{"embeddable":true,"href":"http:\/\/www.tian-xia.de\/index.php?rest_route=\/wp\/v2\/pages\/2"}],"wp:attachment":[{"href":"http:\/\/www.tian-xia.de\/index.php?rest_route=%2Fwp%2Fv2%2Fmedia&parent=18"}],"curies":[{"name":"wp","href":"https:\/\/api.w.org\/{rel}","templated":true}]}}