{"id":2,"date":"2012-01-29T11:55:00","date_gmt":"2012-01-29T11:55:00","guid":{"rendered":"http:\/\/www.meduco.de\/htdocs\/?page_id=2"},"modified":"2015-01-30T12:11:45","modified_gmt":"2015-01-30T11:11:45","slug":"beispiel-seite","status":"publish","type":"page","link":"http:\/\/www.tian-xia.de\/?page_id=2","title":{"rendered":"\u00dcber mich"},"content":{"rendered":"<p>&nbsp;<\/p>\n<p><a href=\"http:\/\/www.meduco.de\/htdocs\/wp-content\/uploads\/2012\/01\/Koethe_Rainer.jpg\"><img decoding=\"async\" loading=\"lazy\" class=\"alignleft size-medium wp-image-23\" title=\"\" src=\"http:\/\/www.meduco.de\/htdocs\/wp-content\/uploads\/2012\/01\/Koethe_Rainer-224x300.jpg\" alt=\"Mein Bild\" width=\"224\" height=\"300\" srcset=\"http:\/\/www.meduco.de\/htdocs\/wp-content\/uploads\/2012\/01\/Koethe_Rainer-224x300.jpg 224w, http:\/\/www.meduco.de\/htdocs\/wp-content\/uploads\/2012\/01\/Koethe_Rainer.jpg 425w\" sizes=\"(max-width: 224px) 100vw, 224px\" \/><\/a>Ich bin 1948 in Hamburg geboren und studierte dort Physik, Chemie und Biochemie. Ab 1980 war ich Wissenschaftsredakteur des STERN, 1986 bis 1999 Chefredakteur des popul\u00e4rwissenschaftlichen Magazins \u201ekosmos\u201c in Stuttgart. Seither bin ich selbstst\u00e4ndiger Autor. Au\u00dferdem nahm ich mehrere Jahre lang einen Lehrauftrag f\u00fcr Journalismus an der Universit\u00e4t Hohenheim wahr. Zurzeit schreibe ich vor allem B\u00fccher, teils gemeinsam mit meiner Frau Ruth Schildhauer. Allein dieses Jahr werden mindestens \u00a0f\u00fcnf weitere von mir erscheinen (n\u00e4heres dazu im Blog). Insgesamt habe ich bereits \u00fcber 120\u00a0B\u00fccher verfasst. Die meisten sind Jugendsachb\u00fccher (unter anderem aus der WAS IST WAS-Reihe im Tessloff Verlag); teils sind sie unter Pseudonymen erschienen. B\u00fccher von mir sind in 31\u00a0Sprachen erh\u00e4ltlich, mehrere wurden mit Preisen ausgezeichnet. Die Gesamtauflage liegt bei \u00fcber 5 Millionen.<\/p>\n<p>Au\u00dferdem entwickelte ich \u00fcber hundert Kosmos-Experimentierk\u00e4sten bzw. verfasste die Handb\u00fccher dazu. Auch hier sind st\u00e4ndig weitere K\u00e4sten in Arbeit.<\/p>\n<p>Zudem halte ich regelm\u00e4\u00dfig mit Experimenten angereicherte Vortr\u00e4ge \u00fcber Sachthemen vor allem vor Kindern und Jugendlichen. Sehr gro\u00dfen Erfolg haben meine Experimentalvortr\u00e4ge f\u00fcr Kinder sowie f\u00fcr Naturwissenschafts-Lehrer in China.<\/p>\n<p>1996 erhielt ich f\u00fcr meine Arbeit als Autor und Journalist den Autorenpreis der Deutschen Umwelthilfe.<\/p>\n<p>Weitere Einzelheiten und Bilder sind auf unserer Website <a title=\"www.meduco.de\" href=\"http:\/\/www.meduco.de\">www.meduco.de<\/a> zu finden.<\/p>\n","protected":false},"excerpt":{"rendered":"<p>&nbsp; Ich bin 1948 in Hamburg geboren und studierte dort Physik, Chemie und Biochemie. Ab 1980 war ich Wissenschaftsredakteur des STERN, 1986 bis 1999 Chefredakteur des popul\u00e4rwissenschaftlichen Magazins \u201ekosmos\u201c in Stuttgart. Seither bin ich selbstst\u00e4ndiger Autor. Au\u00dferdem nahm ich mehrere &hellip; <a href=\"http:\/\/www.tian-xia.de\/?page_id=2\">Weiterlesen <span class=\"meta-nav\">&rarr;<\/span><\/a><\/p>\n","protected":false},"author":1,"featured_media":0,"parent":0,"menu_order":2,"comment_status":"closed","ping_status":"closed","template":"","meta":[],"_links":{"self":[{"href":"http:\/\/www.tian-xia.de\/index.php?rest_route=\/wp\/v2\/pages\/2"}],"collection":[{"href":"http:\/\/www.tian-xia.de\/index.php?rest_route=\/wp\/v2\/pages"}],"about":[{"href":"http:\/\/www.tian-xia.de\/index.php?rest_route=\/wp\/v2\/types\/page"}],"author":[{"embeddable":true,"href":"http:\/\/www.tian-xia.de\/index.php?rest_route=\/wp\/v2\/users\/1"}],"replies":[{"embeddable":true,"href":"http:\/\/www.tian-xia.de\/index.php?rest_route=%2Fwp%2Fv2%2Fcomments&post=2"}],"version-history":[{"count":8,"href":"http:\/\/www.tian-xia.de\/index.php?rest_route=\/wp\/v2\/pages\/2\/revisions"}],"predecessor-version":[{"id":406,"href":"http:\/\/www.tian-xia.de\/index.php?rest_route=\/wp\/v2\/pages\/2\/revisions\/406"}],"wp:attachment":[{"href":"http:\/\/www.tian-xia.de\/index.php?rest_route=%2Fwp%2Fv2%2Fmedia&parent=2"}],"curies":[{"name":"wp","href":"https:\/\/api.w.org\/{rel}","templated":true}]}}